{"id":83,"date":"2015-02-13T23:04:52","date_gmt":"2015-02-13T23:04:52","guid":{"rendered":"http:\/\/arcierilucani.it\/?page_id=83"},"modified":"2022-01-04T10:09:06","modified_gmt":"2022-01-04T10:09:06","slug":"la-nostra-storia","status":"publish","type":"page","link":"https:\/\/arcierilucani.it\/?page_id=83","title":{"rendered":"La nostra storia"},"content":{"rendered":"\n<div class=\"wp-block-image\"><figure class=\"alignright\"><a href=\"http:\/\/arcierilucani.it\/wp-content\/uploads\/2015\/02\/ALP_5.jpg\"><img loading=\"lazy\" decoding=\"async\" width=\"215\" height=\"300\" src=\"http:\/\/arcierilucani.it\/wp-content\/uploads\/2015\/02\/ALP_5-215x300.jpg\" alt=\"ALP_5\" class=\"wp-image-84\" srcset=\"https:\/\/arcierilucani.it\/wp-content\/uploads\/2015\/02\/ALP_5-215x300.jpg 215w, https:\/\/arcierilucani.it\/wp-content\/uploads\/2015\/02\/ALP_5.jpg 689w\" sizes=\"auto, (max-width: 215px) 100vw, 215px\" \/><\/a><figcaption>Domanda di affiliazione Fitarco<\/figcaption><\/figure><\/div>\n\n\n\n<p>La A.s.d. Arcieri Lucani Potenza, affiliata alla Federazione italiana di Tiro con l\u2019Arco dal 2000, nasce a Potenza grazie all\u2019idea e all\u2019impegno di un gruppo di arcieri precedentemente tesserati per l\u2019Aquarium Team Potenza.<br>Nel primo anno di attivit\u00e0 le difficolt\u00e0 logistiche sono state tante, si ricorda sempre con un sorriso la disponibilit\u00e0 di una palestra per soli 55 minuti a settimana, ma in quel momento andava bene cos\u00ec, la pazienza e la passione avrebbero ripagato. \u00c8 seguito un momento fatto di progetti e pianificazione volto alla crescita, sono iniziate le partecipazione alle gare Interregionali, non era possibile organizzarne in regione, infatti nel 2000 erano presenti in Basilicata solo 4 Associazioni, e nessuna gara regionale era inserita nel calendario Federale.<br>Nel 2001, inizia a cambiare qualcosa, spinti dalla voglia di far crescere il Tiro con l\u2019Arco in Basilicata e dare ulteriore visibilit\u00e0 sul territorio, si mette in moto una macchina organizzativa che riesce a gestire ed organizzare al meglio due gare indoor nella regione. Questo importante passo in avanti ha permesso di dare nuova linfa vitale ad una regione che negli anni precedenti si era demotivata anche visti i pochi numeri rimasti sul territorio.<\/p>\n\n\n\n<div class=\"wp-block-image\"><figure class=\"alignright\"><a href=\"http:\/\/arcierilucani.it\/wp-content\/uploads\/2015\/02\/ALP_6.jpg\"><img loading=\"lazy\" decoding=\"async\" width=\"300\" height=\"204\" src=\"http:\/\/arcierilucani.it\/wp-content\/uploads\/2015\/02\/ALP_6-300x204.jpg\" alt=\"ALP_6\" class=\"wp-image-129\" srcset=\"https:\/\/arcierilucani.it\/wp-content\/uploads\/2015\/02\/ALP_6-300x204.jpg 300w, https:\/\/arcierilucani.it\/wp-content\/uploads\/2015\/02\/ALP_6.jpg 611w\" sizes=\"auto, (max-width: 300px) 100vw, 300px\" \/><\/a><figcaption>Una delle prime gare indoor organizzate<\/figcaption><\/figure><\/div>\n\n\n\n<p>Oggi ci sono prospettive nuove, l\u2019organizzazione di circa 60 gare Interregionali, ha fatto crescere il settore arcieristico della regione, dando spunto e stimoli, alle neo costituite associazioni che possono rendersi autonome nell\u2019organizzazione di eventi sul territorio, ma anche e soprattutto alle Associazioni storiche che, di anno in anno, rafforzano la loro esperienza.<\/p>\n\n\n\n<p>I tecnici ed i volontari degli Arcieri Lucani Potenza collaborano da sempre con Enti Locali ed Associazioni al fine di promuovere la disciplina del tiro con l\u2019arco a livello cittadino e regionale. Tra le varie collaborazioni, importantissima \u00e8 stata la partnership instaurata per pi\u00f9 di cinque anni con l\u2019Associazione Lucana fibrosi cistica.<\/p>\n\n\n\n<div class=\"wp-block-image\"><figure class=\"alignright\"><a href=\"http:\/\/arcierilucani.it\/wp-content\/uploads\/2015\/02\/ALP_4.jpg\"><img loading=\"lazy\" decoding=\"async\" width=\"300\" height=\"200\" src=\"http:\/\/arcierilucani.it\/wp-content\/uploads\/2015\/02\/ALP_4-300x200.jpg\" alt=\"ALP_4\" class=\"wp-image-9\" srcset=\"https:\/\/arcierilucani.it\/wp-content\/uploads\/2015\/02\/ALP_4-300x200.jpg 300w, https:\/\/arcierilucani.it\/wp-content\/uploads\/2015\/02\/ALP_4.jpg 624w\" sizes=\"auto, (max-width: 300px) 100vw, 300px\" \/><\/a><figcaption>Podio Campionati Italiani Indoor 2015<\/figcaption><\/figure><\/div>\n\n\n\n<p>Sul piano agonistico si lavora con attenzione e tenacia, con orgoglio si annoverano diverse qualificazioni di Atleti ai Campionati Italiani nelle specialit\u00e0 Indoor, Targa, Hunter &amp; Field e 3D, Para Archery, qualificazioni che hanno portato gli Arcieri Lucani su podi importanti diverse volte. <\/p>\n\n\n\n<p>Campionati Italiani indoor 2015, squadra arco nudo senior femminile medaglia di bronzo  di classe e  assoluti;<\/p>\n\n\n\n<p>Campionati Italiani para Archery indoor 2017, arco olimpico classe ragazzi primo posto per Francesco Miglionico;<\/p>\n\n\n\n<p>Campionati Italiani para Archery outdoor 2017, arco olimpico classe ragazzi primo posto per Francesco Miglionico;<\/p>\n\n\n\n<p>Campionati Italiani para Archery indoor 2018, arco olimpico classe allievi primo posto per Francesco Miglionico; <\/p>\n\n\n\n<p>Campionati Italiani para Archery outdoor 2018, arco olimpico classe allievi primo posto per Francesco Miglionico; <\/p>\n\n\n\n<p>Campionati Italiani indoor 2018, squadra arco nudo ragazzi maschile medaglia d&#8217;oro e Titolo di Campioni d&#8217;Italia; <\/p>\n\n\n\n<p>Campionati Italiani para Archery indoor 2019, arco olimpico classe allievi primo posto per Francesco Miglionico; <\/p>\n\n\n\n<p>Campionati Italiani para Archery outdoor 2019, arco olimpico classe allievi primo posto per Francesco Miglionico;<\/p>\n\n\n\n<p>Campionati Italiani indoor 2019, arco nudo allievi maschile medaglia d&#8217;argento per Gianmarco Vendegna;<\/p>\n\n\n\n<p>Campionati Italiani tiro di campagna 2019, arco nudo allievi maschile medaglia di bronzo per Daniele Miglionico;<\/p>\n\n\n\n<p>Campionati Italiani indoor 2020, arco nudo allievi maschile  medaglia d&#8217;oro e Titolo di Campioni d&#8217;Italia;<\/p>\n\n\n\n<p>Campionati Italiani para Archery indoor 2020, arco olimpico classe allievi primo posto per Francesco Miglionico;  <\/p>\n\n\n\n<p>Campionati Italiani para Archery indoor 2021, arco olimpico classe juniores primo posto per Francesco Miglionico;<\/p>\n\n\n\n<p>Campionati Italiani para Archery outdoor 2021, arco olimpico classe allievi primo posto per Francesco Miglionico; <\/p>\n\n\n\n<p>Campionati Italiani indoor 2021, arco nudo allievi maschile medaglia d&#8217;argento per Daniele Miglionico, arco nudo ragazzi femminile medaglia d&#8217;argento per Ludovica Rotundo, arco nudo squadre allievi maschile medaglia di bronzo. <\/p>\n\n\n\n<p>  <br>Attualmente, in forza all\u2019Associazione sono presenti figure fondamentali quali: quattro tecnici di primo livello, un giudice di gara Nazionale ed un giudice di gara I\u00b0 livello e cinque direttori dei tiri, affiancati da tutti i Soci che mettono a disposizione il loro tempo e la loro passione dando apporto sia dal punto di vista agonistico che organizzativo gestionale.<\/p>\n","protected":false},"excerpt":{"rendered":"<p>La A.s.d. Arcieri Lucani Potenza, affiliata alla Federazione italiana di Tiro con l\u2019Arco dal 2000, [&hellip;]<\/p>\n","protected":false},"author":1,"featured_media":84,"parent":80,"menu_order":0,"comment_status":"closed","ping_status":"closed","template":"","meta":{"_monsterinsights_skip_tracking":false,"_monsterinsights_sitenote_active":false,"_monsterinsights_sitenote_note":"","_monsterinsights_sitenote_category":0,"footnotes":""},"class_list":["post-83","page","type-page","status-publish","has-post-thumbnail","hentry"],"_links":{"self":[{"href":"https:\/\/arcierilucani.it\/index.php?rest_route=\/wp\/v2\/pages\/83","targetHints":{"allow":["GET"]}}],"collection":[{"href":"https:\/\/arcierilucani.it\/index.php?rest_route=\/wp\/v2\/pages"}],"about":[{"href":"https:\/\/arcierilucani.it\/index.php?rest_route=\/wp\/v2\/types\/page"}],"author":[{"embeddable":true,"href":"https:\/\/arcierilucani.it\/index.php?rest_route=\/wp\/v2\/users\/1"}],"replies":[{"embeddable":true,"href":"https:\/\/arcierilucani.it\/index.php?rest_route=%2Fwp%2Fv2%2Fcomments&post=83"}],"version-history":[{"count":11,"href":"https:\/\/arcierilucani.it\/index.php?rest_route=\/wp\/v2\/pages\/83\/revisions"}],"predecessor-version":[{"id":331,"href":"https:\/\/arcierilucani.it\/index.php?rest_route=\/wp\/v2\/pages\/83\/revisions\/331"}],"up":[{"embeddable":true,"href":"https:\/\/arcierilucani.it\/index.php?rest_route=\/wp\/v2\/pages\/80"}],"wp:featuredmedia":[{"embeddable":true,"href":"https:\/\/arcierilucani.it\/index.php?rest_route=\/wp\/v2\/media\/84"}],"wp:attachment":[{"href":"https:\/\/arcierilucani.it\/index.php?rest_route=%2Fwp%2Fv2%2Fmedia&parent=83"}],"curies":[{"name":"wp","href":"https:\/\/api.w.org\/{rel}","templated":true}]}}